



{"id":2271,"date":"2017-07-26T16:53:01","date_gmt":"2017-07-26T16:53:01","guid":{"rendered":"https:\/\/museoecologiahumana.org\/bienvenida\/"},"modified":"2020-10-13T15:18:48","modified_gmt":"2020-10-13T15:18:48","slug":"welcome","status":"publish","type":"page","link":"https:\/\/museoecologiahumana.org\/en\/welcome\/","title":{"rendered":"Welcome and presentation"},"content":{"rendered":"<p><strong>Welcome<\/strong><\/p>\n<p>We welcome you to the Virtual Museum of Human Ecology (VMHE), a digital tool focussed on the temporary transformation of biocultural diversity and its consequences. Created to house exhibitions for consulting, educating and promoting science related with the world\u2019s most pressing challenges, included in the Sustainable Development Goals (UN Agenda 20230).<\/p>\n<p><strong>Presentation\u00a0<\/strong><\/p>\n<p>The Museum is an initiative of the Association for the Study of Human Ecology (AEEH), which arises from previous activities and experiences. It is part of the \u201c<em>Women, bio cultural diversity and sustainability<\/em>\u201d project, which is backed by the National Spanish Commission for Cooperation with UNESCO and which counts on the support and collaboration of different institutions, museums, societies and private individuals with whom we have signed the corresponding agreements.<\/p>\n<p>Designed to show in a simple, attractive and thorough way, how the biocultural diversity of our species originates, and how and why culture has become the main agent for transforming the environment, both creating and solving inequalities between genders, people and countries, providing a useful approach to the world\u2019s most pressing challenges.<\/p>\n<p><strong>Objectives<\/strong><\/p>\n<ul>\n<li>To disseminate scientific knowledge through natural and artistic heritage and new technologies, illustrating the interaction between Biology and Culture, in the context of Human Ecology and the new Sciences of Sustainability.<\/li>\n<li>To provide a powerful tool to promote interest and training on the subject, as well as to increase knowledge and the ability of decision making for transforming the world through the 2030 Agenda of the United Nations (UN) for Sustainable Development.<\/li>\n<li>To incorporate the gender dimensions in the Sciences of Sustainability, evaluating its temporal transformation and its consequences in different environmental circumstances.<\/li>\n<li>To illustrate the disaggregated reality of progress in the Sustainable Development Goals (SDGs), by age, gender, ethnicity, population and Countries.<\/li>\n<\/ul>\n<p><strong>Future and development <\/strong><\/p>\n<p>Since its inauguration on November 29<sup>th<\/sup> 2017, the museum expanded its permanent exhibition spaces, and those intended for collaboration with experts and institutions, through proposals for <em>The work of the month<\/em> and <em>temporary exhibitions <\/em>(more information contact: aecologia.humana @ uam.es)<\/p>\n<p><strong>Research team<\/strong><\/p>\n<p><strong><em>Coordination:<\/em><\/strong><strong>\u00a0<\/strong>Cristina Bernis y Carlos Varea<\/p>\n<p><strong><em>Researchers:<\/em><\/strong><strong>\u00a0<\/strong>Barry Bogin, In\u00e9s Varela-Silva, Joaqu\u00edn D\u00edaz, M\u00aa P\u00eda Tim\u00f3n, Consolaci\u00f3n Gonz\u00e1lez, Pablo Dom\u00ednguez, Emilio Blanco, Beatriz D\u00edaz,\u00a0Pilar Montero, Rafael Tom\u00e1s y Jos\u00e9 Manuel Ter\u00e1n.<\/p>\n<p><strong><em>Advisors:<\/em><\/strong><strong>\u00a0<\/strong>Sof\u00eda Rodr\u00edguez (Directora del Museo Nacional de Artes Decorativas), Juan Luis Arsuaga (Catedr\u00e1tico de Paleontologia y Director Cient\u00edfico del Museo de la Evoluci\u00f3n Humana), Silvia Arias (Doctora en Ciencias Biolog\u00eda y Directora de la Oficina de Acci\u00f3n Solidaria y Cooperaci\u00f3n de la UAM), Carlos Montes (Catedr\u00e1tico de Ecolog\u00eda y coordinador del Laboratorio de Socioecosistemas del Departamento de Ecolog\u00eda de la UAM), Joaqu\u00edn D\u00edaz, Etn\u00f3logo y Director de la Fundaci\u00f3n Joaqu\u00edn D\u00edaz<\/p>\n<p><strong>Financing<\/strong><\/p>\n<p>Asociaci\u00f3n para el Estudio de la Ecolog\u00eda Humana (AEEH)<\/p>\n<p>Universidad Aut\u00f3noma de Madrid: Vicerrectorado de Relaciones Institucionales, Responsabilidad Social y Cultura; Facultad de Ciencias;\u00a0 \u00a0 \u00a0 Instituto Universitario de Estudios de la Mujer (IUEM)<\/p>\n<p>Fundaci\u00f3n ASISA<\/p>\n<p><strong>Sponsors<\/strong><\/p>\n<p>Comisi\u00f3n Nacional Espa\u00f1ola de UNESCO<\/p>\n<p>Ministerio de Educaci\u00f3n, Cultura y Deportes, Direcci\u00f3n General de Bellas Artes y Patrimonio Cultural<\/p>\n<p style=\"padding-left: 40px;\">Museo de Am\u00e9rica<br \/>\nMuseo Arqueol\u00f3gico Nacional<br \/>\nMuseo Nacional de Antropolog\u00eda<br \/>\nMuseo Nacional de Artes Decorativas<br \/>\nMuseo Nacional del Romanticismo<br \/>\nMuseo Sorolla-Fundaci\u00f3n Sorolla<br \/>\nMuseo del Traje<\/p>\n<p style=\"padding-left: 40px;\">Instituto del Patrimonio Cultural de Espa\u00f1a<\/p>\n<p>Museo Arqueol\u00f3gico Regional<br \/>\nMuseo de Historia de Madrid<br \/>\nMuseo Nacional de Ciencias Naturales-CSIC<br \/>\nMuseo Nacional del Prado<\/p>\n<p>Fundaci\u00f3n Alaine<br \/>\nFundaci\u00f3n Joaqu\u00edn D\u00edaz<\/p>\n<p>Museo Textil del Val de San Lorenzo<\/p>\n<p>Alan Lomax Collection at the American Folklife Center, Library of Congress, Association for Cultural Equity<\/p>\n<p>Survival International<\/p>\n<p>Archivo fotogr\u00e1fico Mart\u00edn Chambi (Per\u00fa)<\/p>\n<p>Universidad Aut\u00f3noma de Madrid<\/p>\n<p style=\"padding-left: 40px;\">Vicerrectorado de Campus y Sostenibilidad,<br \/>\nDepartamento de Biolog\u00eda (Facultad de Ciencias)<br \/>\nLaboratorio de Socioecosistemas del Departamento de Ecolog\u00eda (Facultad de Ciencias)<br \/>\nInstituto Universitario de Estudios de la Mujer<br \/>\nMuseo de Artes y Tradiciones Populares<br \/>\nUnidad de Igualdad de G\u00e9nero<br \/>\nServicio de Cartograf\u00eda<br \/>\nC\u00e1tedra UNESCO Red Unitwin en \u201cPol\u00edticas de G\u00e9nero e Igualdad de Derechos entre Mujeres y Hombres\u201d<\/p>\n<p>Excmo. Ayuntamiento de Lucillo (Le\u00f3n, Spain)<\/p>\n<p>Excmo. Ayuntamiento de Val de San Lorenzo (Le\u00f3n, Spain)<\/p>\n<p>Excmo. Ayuntamiento de Castrillo de los Polvazares (Le\u00f3n, Spain)<\/p>\n<p>Teresa Palacios, photographer<\/p>\n<p><strong>Contact and information<\/strong><\/p>\n<p>aecologia.humana@uam.es<\/p>\n<p><strong>\u00a0<\/strong><\/p>\n","protected":false},"excerpt":{"rendered":"<p>Welcome We welcome you to the Virtual Museum of Human Ecology (VMHE), a digital tool focussed on the temporary transformation of biocultural diversity and its consequences. Created to house exhibitions for consulting, educating and promoting science related with the world\u2019s most pressing challenges, included in the Sustainable Development Goals (UN Agenda 20230). Presentation\u00a0 The Museum&#8230; <a class=\"view-article\" href=\"https:\/\/museoecologiahumana.org\/en\/welcome\/\">View Article<\/a><\/p>\n","protected":false},"author":1,"featured_media":3070,"parent":0,"menu_order":17,"comment_status":"closed","ping_status":"closed","template":"template-demo.php","meta":{"_acf_changed":false,"footnotes":""},"class_list":["post-2271","page","type-page","status-publish","has-post-thumbnail","hentry"],"acf":[],"yoast_head":"<!-- This site is optimized with the Yoast SEO plugin v27.1.1 - https:\/\/yoast.com\/product\/yoast-seo-wordpress\/ -->\n<title>Welcome and presentation - Museo de Ecolog\u00eda Humana<\/title>\n<meta name=\"robots\" content=\"index, follow, max-snippet:-1, max-image-preview:large, max-video-preview:-1\" \/>\n<link rel=\"canonical\" href=\"https:\/\/museoecologiahumana.org\/en\/welcome\/\" \/>\n<meta property=\"og:locale\" content=\"en_US\" \/>\n<meta property=\"og:type\" content=\"article\" \/>\n<meta property=\"og:title\" content=\"Welcome and presentation - Museo de Ecolog\u00eda Humana\" \/>\n<meta property=\"og:description\" content=\"Welcome We welcome you to the Virtual Museum of Human Ecology (VMHE), a digital tool focussed on the temporary transformation of biocultural diversity and its consequences. Created to house exhibitions for consulting, educating and promoting science related with the world\u2019s most pressing challenges, included in the Sustainable Development Goals (UN Agenda 20230). Presentation\u00a0 The Museum... View Article\" \/>\n<meta property=\"og:url\" content=\"https:\/\/museoecologiahumana.org\/en\/welcome\/\" \/>\n<meta property=\"og:site_name\" content=\"Museo de Ecolog\u00eda Humana\" \/>\n<meta property=\"article:modified_time\" content=\"2020-10-13T15:18:48+00:00\" \/>\n<meta property=\"og:image\" content=\"https:\/\/museoecologiahumana.org\/wp-content\/uploads\/2017\/05\/museo_prado_09.jpg\" \/>\n\t<meta property=\"og:image:width\" content=\"900\" \/>\n\t<meta property=\"og:image:height\" content=\"581\" \/>\n\t<meta property=\"og:image:type\" content=\"image\/jpeg\" \/>\n<meta name=\"twitter:card\" content=\"summary_large_image\" \/>\n<meta name=\"twitter:label1\" content=\"Est. reading time\" \/>\n\t<meta name=\"twitter:data1\" content=\"4 minutes\" \/>\n<script type=\"application\/ld+json\" class=\"yoast-schema-graph\">{\"@context\":\"https:\/\/schema.org\",\"@graph\":[{\"@type\":\"WebPage\",\"@id\":\"https:\/\/museoecologiahumana.org\/en\/welcome\/\",\"url\":\"https:\/\/museoecologiahumana.org\/en\/welcome\/\",\"name\":\"Welcome and presentation - Museo de Ecolog\u00eda Humana\",\"isPartOf\":{\"@id\":\"https:\/\/museoecologiahumana.org\/#website\"},\"primaryImageOfPage\":{\"@id\":\"https:\/\/museoecologiahumana.org\/en\/welcome\/#primaryimage\"},\"image\":{\"@id\":\"https:\/\/museoecologiahumana.org\/en\/welcome\/#primaryimage\"},\"thumbnailUrl\":\"https:\/\/museoecologiahumana.org\/wp-content\/uploads\/2017\/05\/museo_prado_09.jpg\",\"datePublished\":\"2017-07-26T16:53:01+00:00\",\"dateModified\":\"2020-10-13T15:18:48+00:00\",\"breadcrumb\":{\"@id\":\"https:\/\/museoecologiahumana.org\/en\/welcome\/#breadcrumb\"},\"inLanguage\":\"en-US\",\"potentialAction\":[{\"@type\":\"ReadAction\",\"target\":[\"https:\/\/museoecologiahumana.org\/en\/welcome\/\"]}]},{\"@type\":\"ImageObject\",\"inLanguage\":\"en-US\",\"@id\":\"https:\/\/museoecologiahumana.org\/en\/welcome\/#primaryimage\",\"url\":\"https:\/\/museoecologiahumana.org\/wp-content\/uploads\/2017\/05\/museo_prado_09.jpg\",\"contentUrl\":\"https:\/\/museoecologiahumana.org\/wp-content\/uploads\/2017\/05\/museo_prado_09.jpg\",\"width\":900,\"height\":581},{\"@type\":\"BreadcrumbList\",\"@id\":\"https:\/\/museoecologiahumana.org\/en\/welcome\/#breadcrumb\",\"itemListElement\":[{\"@type\":\"ListItem\",\"position\":1,\"name\":\"MUSEO\",\"item\":\"https:\/\/museoecologiahumana.org\/en\/\"},{\"@type\":\"ListItem\",\"position\":2,\"name\":\"Welcome and presentation\"}]},{\"@type\":\"WebSite\",\"@id\":\"https:\/\/museoecologiahumana.org\/#website\",\"url\":\"https:\/\/museoecologiahumana.org\/\",\"name\":\"Museo de Ecolog\u00eda Humana\",\"description\":\"Museo Virtual de Ecolog\u00eda Humana\",\"publisher\":{\"@id\":\"https:\/\/museoecologiahumana.org\/#organization\"},\"potentialAction\":[{\"@type\":\"SearchAction\",\"target\":{\"@type\":\"EntryPoint\",\"urlTemplate\":\"https:\/\/museoecologiahumana.org\/?s={search_term_string}\"},\"query-input\":{\"@type\":\"PropertyValueSpecification\",\"valueRequired\":true,\"valueName\":\"search_term_string\"}}],\"inLanguage\":\"en-US\"},{\"@type\":\"Organization\",\"@id\":\"https:\/\/museoecologiahumana.org\/#organization\",\"name\":\"Museo de Ecolog\u00eda Humana\",\"url\":\"https:\/\/museoecologiahumana.org\/\",\"logo\":{\"@type\":\"ImageObject\",\"inLanguage\":\"en-US\",\"@id\":\"https:\/\/museoecologiahumana.org\/#\/schema\/logo\/image\/\",\"url\":\"https:\/\/museoecologiahumana.org\/wp-content\/uploads\/2025\/07\/logo-meh.svg\",\"contentUrl\":\"https:\/\/museoecologiahumana.org\/wp-content\/uploads\/2025\/07\/logo-meh.svg\",\"width\":1,\"height\":1,\"caption\":\"Museo de Ecolog\u00eda Humana\"},\"image\":{\"@id\":\"https:\/\/museoecologiahumana.org\/#\/schema\/logo\/image\/\"}}]}<\/script>\n<!-- \/ Yoast SEO plugin. -->","yoast_head_json":{"title":"Welcome and presentation - Museo de Ecolog\u00eda Humana","robots":{"index":"index","follow":"follow","max-snippet":"max-snippet:-1","max-image-preview":"max-image-preview:large","max-video-preview":"max-video-preview:-1"},"canonical":"https:\/\/museoecologiahumana.org\/en\/welcome\/","og_locale":"en_US","og_type":"article","og_title":"Welcome and presentation - Museo de Ecolog\u00eda Humana","og_description":"Welcome We welcome you to the Virtual Museum of Human Ecology (VMHE), a digital tool focussed on the temporary transformation of biocultural diversity and its consequences. Created to house exhibitions for consulting, educating and promoting science related with the world\u2019s most pressing challenges, included in the Sustainable Development Goals (UN Agenda 20230). Presentation\u00a0 The Museum... View Article","og_url":"https:\/\/museoecologiahumana.org\/en\/welcome\/","og_site_name":"Museo de Ecolog\u00eda Humana","article_modified_time":"2020-10-13T15:18:48+00:00","og_image":[{"width":900,"height":581,"url":"https:\/\/museoecologiahumana.org\/wp-content\/uploads\/2017\/05\/museo_prado_09.jpg","type":"image\/jpeg"}],"twitter_card":"summary_large_image","twitter_misc":{"Est. reading time":"4 minutes"},"schema":{"@context":"https:\/\/schema.org","@graph":[{"@type":"WebPage","@id":"https:\/\/museoecologiahumana.org\/en\/welcome\/","url":"https:\/\/museoecologiahumana.org\/en\/welcome\/","name":"Welcome and presentation - Museo de Ecolog\u00eda Humana","isPartOf":{"@id":"https:\/\/museoecologiahumana.org\/#website"},"primaryImageOfPage":{"@id":"https:\/\/museoecologiahumana.org\/en\/welcome\/#primaryimage"},"image":{"@id":"https:\/\/museoecologiahumana.org\/en\/welcome\/#primaryimage"},"thumbnailUrl":"https:\/\/museoecologiahumana.org\/wp-content\/uploads\/2017\/05\/museo_prado_09.jpg","datePublished":"2017-07-26T16:53:01+00:00","dateModified":"2020-10-13T15:18:48+00:00","breadcrumb":{"@id":"https:\/\/museoecologiahumana.org\/en\/welcome\/#breadcrumb"},"inLanguage":"en-US","potentialAction":[{"@type":"ReadAction","target":["https:\/\/museoecologiahumana.org\/en\/welcome\/"]}]},{"@type":"ImageObject","inLanguage":"en-US","@id":"https:\/\/museoecologiahumana.org\/en\/welcome\/#primaryimage","url":"https:\/\/museoecologiahumana.org\/wp-content\/uploads\/2017\/05\/museo_prado_09.jpg","contentUrl":"https:\/\/museoecologiahumana.org\/wp-content\/uploads\/2017\/05\/museo_prado_09.jpg","width":900,"height":581},{"@type":"BreadcrumbList","@id":"https:\/\/museoecologiahumana.org\/en\/welcome\/#breadcrumb","itemListElement":[{"@type":"ListItem","position":1,"name":"MUSEO","item":"https:\/\/museoecologiahumana.org\/en\/"},{"@type":"ListItem","position":2,"name":"Welcome and presentation"}]},{"@type":"WebSite","@id":"https:\/\/museoecologiahumana.org\/#website","url":"https:\/\/museoecologiahumana.org\/","name":"Museo de Ecolog\u00eda Humana","description":"Museo Virtual de Ecolog\u00eda Humana","publisher":{"@id":"https:\/\/museoecologiahumana.org\/#organization"},"potentialAction":[{"@type":"SearchAction","target":{"@type":"EntryPoint","urlTemplate":"https:\/\/museoecologiahumana.org\/?s={search_term_string}"},"query-input":{"@type":"PropertyValueSpecification","valueRequired":true,"valueName":"search_term_string"}}],"inLanguage":"en-US"},{"@type":"Organization","@id":"https:\/\/museoecologiahumana.org\/#organization","name":"Museo de Ecolog\u00eda Humana","url":"https:\/\/museoecologiahumana.org\/","logo":{"@type":"ImageObject","inLanguage":"en-US","@id":"https:\/\/museoecologiahumana.org\/#\/schema\/logo\/image\/","url":"https:\/\/museoecologiahumana.org\/wp-content\/uploads\/2025\/07\/logo-meh.svg","contentUrl":"https:\/\/museoecologiahumana.org\/wp-content\/uploads\/2025\/07\/logo-meh.svg","width":1,"height":1,"caption":"Museo de Ecolog\u00eda Humana"},"image":{"@id":"https:\/\/museoecologiahumana.org\/#\/schema\/logo\/image\/"}}]}},"_links":{"self":[{"href":"https:\/\/museoecologiahumana.org\/en\/wp-json\/wp\/v2\/pages\/2271","targetHints":{"allow":["GET"]}}],"collection":[{"href":"https:\/\/museoecologiahumana.org\/en\/wp-json\/wp\/v2\/pages"}],"about":[{"href":"https:\/\/museoecologiahumana.org\/en\/wp-json\/wp\/v2\/types\/page"}],"author":[{"embeddable":true,"href":"https:\/\/museoecologiahumana.org\/en\/wp-json\/wp\/v2\/users\/1"}],"replies":[{"embeddable":true,"href":"https:\/\/museoecologiahumana.org\/en\/wp-json\/wp\/v2\/comments?post=2271"}],"version-history":[{"count":16,"href":"https:\/\/museoecologiahumana.org\/en\/wp-json\/wp\/v2\/pages\/2271\/revisions"}],"predecessor-version":[{"id":7693,"href":"https:\/\/museoecologiahumana.org\/en\/wp-json\/wp\/v2\/pages\/2271\/revisions\/7693"}],"wp:featuredmedia":[{"embeddable":true,"href":"https:\/\/museoecologiahumana.org\/en\/wp-json\/wp\/v2\/media\/3070"}],"wp:attachment":[{"href":"https:\/\/museoecologiahumana.org\/en\/wp-json\/wp\/v2\/media?parent=2271"}],"curies":[{"name":"wp","href":"https:\/\/api.w.org\/{rel}","templated":true}]}}